{"id":233,"date":"2019-12-03T05:35:53","date_gmt":"2019-12-03T02:35:53","guid":{"rendered":"http:\/\/demo.tarihyazimi.org\/?page_id=233"},"modified":"2023-09-23T21:32:12","modified_gmt":"2023-09-23T18:32:12","slug":"iletisim","status":"publish","type":"page","link":"https:\/\/tubitak.tarihyazimi.org\/?page_id=233","title":{"rendered":"\u0130leti\u015fim"},"content":{"rendered":"\t\t<div data-elementor-type=\"wp-page\" data-elementor-id=\"233\" class=\"elementor elementor-233\">\n\t\t\t\t\t\t\t\t\t<section class=\"elementor-section elementor-top-section elementor-element elementor-element-015fb60 elementor-section-boxed elementor-section-height-default elementor-section-height-default\" data-id=\"015fb60\" data-element_type=\"section\">\n\t\t\t\t\t\t<div class=\"elementor-container elementor-column-gap-default\">\n\t\t\t\t\t<div class=\"elementor-column elementor-col-100 elementor-top-column elementor-element elementor-element-a41913b\" data-id=\"a41913b\" data-element_type=\"column\">\n\t\t\t<div class=\"elementor-widget-wrap elementor-element-populated\">\n\t\t\t\t\t\t\t\t<div class=\"elementor-element elementor-element-c922529 elementor-widget elementor-widget-heading\" data-id=\"c922529\" data-element_type=\"widget\" data-widget_type=\"heading.default\">\n\t\t\t\t<div class=\"elementor-widget-container\">\n\t\t\t<style>\/*! elementor - v3.16.0 - 14-09-2023 *\/\n.elementor-heading-title{padding:0;margin:0;line-height:1}.elementor-widget-heading .elementor-heading-title[class*=elementor-size-]>a{color:inherit;font-size:inherit;line-height:inherit}.elementor-widget-heading .elementor-heading-title.elementor-size-small{font-size:15px}.elementor-widget-heading .elementor-heading-title.elementor-size-medium{font-size:19px}.elementor-widget-heading .elementor-heading-title.elementor-size-large{font-size:29px}.elementor-widget-heading .elementor-heading-title.elementor-size-xl{font-size:39px}.elementor-widget-heading .elementor-heading-title.elementor-size-xxl{font-size:59px}<\/style><h4 class=\"elementor-heading-title elementor-size-default\">Etkinlik Koordinat\u00f6r\u00fc<\/h4>\t\t<\/div>\n\t\t\t\t<\/div>\n\t\t\t\t\t<\/div>\n\t\t<\/div>\n\t\t\t\t\t\t\t<\/div>\n\t\t<\/section>\n\t\t\t\t<section class=\"elementor-section elementor-top-section elementor-element elementor-element-2464f1a elementor-section-boxed elementor-section-height-default elementor-section-height-default\" data-id=\"2464f1a\" data-element_type=\"section\">\n\t\t\t\t\t\t<div class=\"elementor-container elementor-column-gap-default\">\n\t\t\t\t\t<div class=\"elementor-column elementor-col-100 elementor-top-column elementor-element elementor-element-efb2704\" data-id=\"efb2704\" data-element_type=\"column\">\n\t\t\t<div class=\"elementor-widget-wrap elementor-element-populated\">\n\t\t\t\t\t\t\t\t<div class=\"elementor-element elementor-element-0dafc4a elementor-widget elementor-widget-text-editor\" data-id=\"0dafc4a\" data-element_type=\"widget\" data-widget_type=\"text-editor.default\">\n\t\t\t\t<div class=\"elementor-widget-container\">\n\t\t\t<style>\/*! elementor - v3.16.0 - 14-09-2023 *\/\n.elementor-widget-text-editor.elementor-drop-cap-view-stacked .elementor-drop-cap{background-color:#69727d;color:#fff}.elementor-widget-text-editor.elementor-drop-cap-view-framed .elementor-drop-cap{color:#69727d;border:3px solid;background-color:transparent}.elementor-widget-text-editor:not(.elementor-drop-cap-view-default) .elementor-drop-cap{margin-top:8px}.elementor-widget-text-editor:not(.elementor-drop-cap-view-default) .elementor-drop-cap-letter{width:1em;height:1em}.elementor-widget-text-editor .elementor-drop-cap{float:left;text-align:center;line-height:1;font-size:50px}.elementor-widget-text-editor .elementor-drop-cap-letter{display:inline-block}<\/style>\t\t\t\t<p>Prof. Dr. Ahmet \u015e\u0130M\u015eEK<br>\u0130stanbul \u00dcniversitesi-Cerrahpa\u015fa Hasan \u00c2li Y\u00fccel E\u011fitim Fak\u00fcltesi<br>ahmetsimsek@iuc.edu.tr<\/p>\t\t\t\t\t\t<\/div>\n\t\t\t\t<\/div>\n\t\t\t\t\t<\/div>\n\t\t<\/div>\n\t\t\t\t\t\t\t<\/div>\n\t\t<\/section>\n\t\t\t\t<section class=\"elementor-section elementor-top-section elementor-element elementor-element-470ff5a elementor-section-boxed elementor-section-height-default elementor-section-height-default\" data-id=\"470ff5a\" data-element_type=\"section\">\n\t\t\t\t\t\t<div class=\"elementor-container elementor-column-gap-default\">\n\t\t\t\t\t<div class=\"elementor-column elementor-col-100 elementor-top-column elementor-element elementor-element-e450e8d\" data-id=\"e450e8d\" data-element_type=\"column\">\n\t\t\t<div class=\"elementor-widget-wrap elementor-element-populated\">\n\t\t\t\t\t\t\t\t<div class=\"elementor-element elementor-element-2703901 elementor-widget elementor-widget-heading\" data-id=\"2703901\" data-element_type=\"widget\" data-widget_type=\"heading.default\">\n\t\t\t\t<div class=\"elementor-widget-container\">\n\t\t\t<h4 class=\"elementor-heading-title elementor-size-default\">Etkinlik D\u00fczenleme Kurulu \u00dcyesi\n<\/h4>\t\t<\/div>\n\t\t\t\t<\/div>\n\t\t\t\t\t<\/div>\n\t\t<\/div>\n\t\t\t\t\t\t\t<\/div>\n\t\t<\/section>\n\t\t\t\t<section class=\"elementor-section elementor-top-section elementor-element elementor-element-1cdb6d4 elementor-section-boxed elementor-section-height-default elementor-section-height-default\" data-id=\"1cdb6d4\" data-element_type=\"section\">\n\t\t\t\t\t\t<div class=\"elementor-container elementor-column-gap-default\">\n\t\t\t\t\t<div class=\"elementor-column elementor-col-100 elementor-top-column elementor-element elementor-element-ad3185d\" data-id=\"ad3185d\" data-element_type=\"column\">\n\t\t\t<div class=\"elementor-widget-wrap elementor-element-populated\">\n\t\t\t\t\t\t\t\t<div class=\"elementor-element elementor-element-82e67b8 elementor-widget elementor-widget-text-editor\" data-id=\"82e67b8\" data-element_type=\"widget\" data-widget_type=\"text-editor.default\">\n\t\t\t\t<div class=\"elementor-widget-container\">\n\t\t\t\t\t\t\tDr. Ey\u00fcp C\u00dcC\u00dcK<br>\n\u0130stanbul \u00dcniversitesi-Cerrahpa\u015fa Hasan \u00c2li Y\u00fccel E\u011fitim Fak\u00fcltesi<br>\ncucukeyup@gmail.com\t\t\t\t\t\t<\/div>\n\t\t\t\t<\/div>\n\t\t\t\t\t<\/div>\n\t\t<\/div>\n\t\t\t\t\t\t\t<\/div>\n\t\t<\/section>\n\t\t\t\t\t\t\t<\/div>\n\t\t","protected":false},"excerpt":{"rendered":"<p>Etkinlik Koordinat\u00f6r\u00fc Prof. Dr. Ahmet \u015e\u0130M\u015eEK\u0130stanbul \u00dcniversitesi-Cerrahpa\u015fa Hasan \u00c2li Y\u00fccel E\u011fitim Fak\u00fcltesiahmetsimsek@iuc.edu.tr Etkinlik D\u00fczenleme Kurulu \u00dcyesi Dr. Ey\u00fcp C\u00dcC\u00dcK \u0130stanbul \u00dcniversitesi-Cerrahpa\u015fa Hasan \u00c2li Y\u00fccel E\u011fitim Fak\u00fcltesi cucukeyup@gmail.com<\/p>\n","protected":false},"author":2,"featured_media":0,"parent":0,"menu_order":0,"comment_status":"closed","ping_status":"closed","template":"","meta":{"footnotes":""},"_links":{"self":[{"href":"https:\/\/tubitak.tarihyazimi.org\/index.php?rest_route=\/wp\/v2\/pages\/233"}],"collection":[{"href":"https:\/\/tubitak.tarihyazimi.org\/index.php?rest_route=\/wp\/v2\/pages"}],"about":[{"href":"https:\/\/tubitak.tarihyazimi.org\/index.php?rest_route=\/wp\/v2\/types\/page"}],"author":[{"embeddable":true,"href":"https:\/\/tubitak.tarihyazimi.org\/index.php?rest_route=\/wp\/v2\/users\/2"}],"replies":[{"embeddable":true,"href":"https:\/\/tubitak.tarihyazimi.org\/index.php?rest_route=%2Fwp%2Fv2%2Fcomments&post=233"}],"version-history":[{"count":18,"href":"https:\/\/tubitak.tarihyazimi.org\/index.php?rest_route=\/wp\/v2\/pages\/233\/revisions"}],"predecessor-version":[{"id":1291,"href":"https:\/\/tubitak.tarihyazimi.org\/index.php?rest_route=\/wp\/v2\/pages\/233\/revisions\/1291"}],"wp:attachment":[{"href":"https:\/\/tubitak.tarihyazimi.org\/index.php?rest_route=%2Fwp%2Fv2%2Fmedia&parent=233"}],"curies":[{"name":"wp","href":"https:\/\/api.w.org\/{rel}","templated":true}]}}