{"id":865,"date":"2022-03-15T19:07:36","date_gmt":"2022-03-15T16:07:36","guid":{"rendered":"https:\/\/tubitak.tarihyazimi.org\/?page_id=865"},"modified":"2023-09-23T14:26:50","modified_gmt":"2023-09-23T11:26:50","slug":"otomatik-taslak","status":"publish","type":"page","link":"https:\/\/tubitak.tarihyazimi.org\/","title":{"rendered":"Uygulamal\u0131 Tarihyaz\u0131m\u0131 Okulu: Tarihyaz\u0131m\u0131nda Sorunlar ve \u00c7\u00f6z\u00fcm \u00d6nerileri E\u011fitimi 3"},"content":{"rendered":"\t\t<div data-elementor-type=\"wp-page\" data-elementor-id=\"865\" class=\"elementor elementor-865\">\n\t\t\t\t\t\t\t\t\t<section class=\"elementor-section elementor-top-section elementor-element elementor-element-2a82fde elementor-section-boxed elementor-section-height-default elementor-section-height-default\" data-id=\"2a82fde\" data-element_type=\"section\">\n\t\t\t\t\t\t<div class=\"elementor-container elementor-column-gap-default\">\n\t\t\t\t\t<div class=\"elementor-column elementor-col-100 elementor-top-column elementor-element elementor-element-7fd0e3d\" data-id=\"7fd0e3d\" data-element_type=\"column\">\n\t\t\t<div class=\"elementor-widget-wrap elementor-element-populated\">\n\t\t\t\t\t\t\t\t<div class=\"elementor-element elementor-element-58e9efd elementor-widget elementor-widget-image\" data-id=\"58e9efd\" data-element_type=\"widget\" data-widget_type=\"image.default\">\n\t\t\t\t<div class=\"elementor-widget-container\">\n\t\t\t<style>\/*! elementor - v3.16.0 - 14-09-2023 *\/\n.elementor-widget-image{text-align:center}.elementor-widget-image a{display:inline-block}.elementor-widget-image a img[src$=\".svg\"]{width:48px}.elementor-widget-image img{vertical-align:middle;display:inline-block}<\/style>\t\t\t\t\t\t\t\t\t\t\t\t<img decoding=\"async\" loading=\"lazy\" width=\"768\" height=\"476\" src=\"https:\/\/tubitak.tarihyazimi.org\/wp-content\/uploads\/2023\/09\/Kapak2-e1695468386543-768x476.png\" class=\"attachment-medium_large size-medium_large wp-image-1271\" alt=\"\" srcset=\"https:\/\/tubitak.tarihyazimi.org\/wp-content\/uploads\/2023\/09\/Kapak2-e1695468386543-768x476.png 768w, https:\/\/tubitak.tarihyazimi.org\/wp-content\/uploads\/2023\/09\/Kapak2-e1695468386543-300x186.png 300w, https:\/\/tubitak.tarihyazimi.org\/wp-content\/uploads\/2023\/09\/Kapak2-e1695468386543-1024x634.png 1024w, https:\/\/tubitak.tarihyazimi.org\/wp-content\/uploads\/2023\/09\/Kapak2-e1695468386543.png 1080w\" sizes=\"(max-width: 768px) 100vw, 768px\" \/>\t\t\t\t\t\t\t\t\t\t\t\t\t\t\t<\/div>\n\t\t\t\t<\/div>\n\t\t\t\t\t<\/div>\n\t\t<\/div>\n\t\t\t\t\t\t\t<\/div>\n\t\t<\/section>\n\t\t\t\t\t\t\t<\/div>\n\t\t","protected":false},"excerpt":{"rendered":"","protected":false},"author":1,"featured_media":0,"parent":0,"menu_order":0,"comment_status":"closed","ping_status":"closed","template":"","meta":{"footnotes":""},"_links":{"self":[{"href":"https:\/\/tubitak.tarihyazimi.org\/index.php?rest_route=\/wp\/v2\/pages\/865"}],"collection":[{"href":"https:\/\/tubitak.tarihyazimi.org\/index.php?rest_route=\/wp\/v2\/pages"}],"about":[{"href":"https:\/\/tubitak.tarihyazimi.org\/index.php?rest_route=\/wp\/v2\/types\/page"}],"author":[{"embeddable":true,"href":"https:\/\/tubitak.tarihyazimi.org\/index.php?rest_route=\/wp\/v2\/users\/1"}],"replies":[{"embeddable":true,"href":"https:\/\/tubitak.tarihyazimi.org\/index.php?rest_route=%2Fwp%2Fv2%2Fcomments&post=865"}],"version-history":[{"count":46,"href":"https:\/\/tubitak.tarihyazimi.org\/index.php?rest_route=\/wp\/v2\/pages\/865\/revisions"}],"predecessor-version":[{"id":1274,"href":"https:\/\/tubitak.tarihyazimi.org\/index.php?rest_route=\/wp\/v2\/pages\/865\/revisions\/1274"}],"wp:attachment":[{"href":"https:\/\/tubitak.tarihyazimi.org\/index.php?rest_route=%2Fwp%2Fv2%2Fmedia&parent=865"}],"curies":[{"name":"wp","href":"https:\/\/api.w.org\/{rel}","templated":true}]}}